{"id":305,"date":"2022-07-12T06:52:15","date_gmt":"2022-07-12T10:52:15","guid":{"rendered":"https:\/\/www.capebretonoasis.com\/?page_id=305"},"modified":"2022-07-12T06:52:15","modified_gmt":"2022-07-12T10:52:15","slug":"umgebung","status":"publish","type":"page","link":"https:\/\/www.capebretonoasis.com\/de\/umgebung\/","title":{"rendered":"Umgebung"},"content":{"rendered":"<p>Einkaufsm\u00f6glichkeiten und viele Sehensw\u00fcrdigkeiten befinden sich in Minuten-N\u00e4he.<\/p>\n<p>Der weltber\u00fchmt Cabot Trail liegt gerade vor der Haust\u00fcre, ca. 2 min entfernt.<\/p>\n<p>Die malerische Stadt Baddeck (ca. 20 min entfernt), direkt am Bras d\u2019Or Lake gelegen, bietet Gesch\u00e4fte, Restaurants, Yachthafen und Kulturangeboten wie dem Museum des ber\u00fchmten Erfinders Graham Bell.<\/p>\n<p>Dort wie auch in Margaree (auch ca. 20 min entfernt) gibt es einen gut ausgestatteten Coop, in dem man praktisch alles f\u00fcr den t\u00e4glichen Bedarf bekommt.<\/p>\n<p>Der wundersch\u00f6ne Bras d\u2019Or Lake (ca. 15 min entfernt) mit seiner Fischwelt und im Herzen von Cape Breton Island gelegen, ist der gr\u00f6\u00dfte Salzwassersee der Welt und wurde vor kurzem sogar als UNESCO Biosphere ausgezeichnet. <\/p>\n<p><a href=\"https:\/\/www.novascotia.com\/see-do\/attractions\/unesco-heritage-sites\/bras-dor-lake-biosphere-reserve\" target=\"_blank\" rel=\"noopener\"><img decoding=\"async\" src=\"https:\/\/www.capebretonoasis.com\/wp-content\/uploads\/biosphere.png\" alt=\"Bras d\u2019Or Lake \"><\/a><\/p>\n<p>Der Atlantik mit Str\u00e4nden liegt etwa 30min entfernt.<\/p>\n<p>Das Highland Village Museum (mit historischen Geb\u00e4uden der Pioniere) und ein sehr ber\u00fchmter Pub, beides in Iona, liegen ca. 45 Minuten entfernt.<\/p>\n<p>Das sind nur ein paar Dinge, die man von Middle River aus unternehmen kann. Cape Breton Island ist \u00fcberschaubar und man kann alle Orte\/Sehensw\u00fcrdigkeiten locker in einemTagesausflug kennenlernen.<\/p>\n","protected":false},"excerpt":{"rendered":"<p>Einkaufsm\u00f6glichkeiten und viele Sehensw\u00fcrdigkeiten befinden sich in Minuten-N\u00e4he. Der weltber\u00fchmt Cabot Trail liegt gerade vor der Haust\u00fcre, ca. 2 min entfernt. Die malerische Stadt Baddeck (ca. 20 min entfernt), direkt am Bras d\u2019Or Lake gelegen, bietet Gesch\u00e4fte, Restaurants, Yachthafen und Kulturangeboten wie dem Museum des ber\u00fchmten Erfinders Graham Bell. Dort wie auch in Margaree (auch [&hellip;]<\/p>\n","protected":false},"author":1,"featured_media":0,"parent":0,"menu_order":40,"comment_status":"closed","ping_status":"closed","template":"","meta":{"footnotes":""},"class_list":["post-305","page","type-page","status-publish","hentry"],"yoast_head":"<!-- This site is optimized with the Yoast SEO plugin v27.5 - https:\/\/yoast.com\/product\/yoast-seo-wordpress\/ -->\n<title>Umgebung | Cape Breton Oasis Ltd.<\/title>\n<meta name=\"description\" content=\"Einkaufsm\u00f6glichkeiten und viele Sehensw\u00fcrdigkeiten befinden sich in Minuten-N\u00e4he. Der weltber\u00fchmt Cabot Trail liegt gerade vor der Haust\u00fcre.\" \/>\n<meta name=\"robots\" content=\"index, follow, max-snippet:-1, max-image-preview:large, max-video-preview:-1\" \/>\n<link rel=\"canonical\" href=\"https:\/\/www.capebretonoasis.com\/de\/umgebung\/\" \/>\n<meta property=\"og:locale\" content=\"de_DE\" \/>\n<meta property=\"og:type\" content=\"article\" \/>\n<meta property=\"og:title\" content=\"Umgebung | Cape Breton Oasis Ltd.\" \/>\n<meta property=\"og:description\" content=\"Einkaufsm\u00f6glichkeiten und viele Sehensw\u00fcrdigkeiten befinden sich in Minuten-N\u00e4he. Der weltber\u00fchmt Cabot Trail liegt gerade vor der Haust\u00fcre.\" \/>\n<meta property=\"og:url\" content=\"https:\/\/www.capebretonoasis.com\/de\/umgebung\/\" \/>\n<meta property=\"og:site_name\" content=\"Cape Breton Oasis Ltd.\" \/>\n<meta property=\"og:image\" content=\"https:\/\/www.capebretonoasis.com\/wp-content\/uploads\/biosphere.png\" \/>\n<meta name=\"twitter:card\" content=\"summary_large_image\" \/>\n<meta name=\"twitter:label1\" content=\"Gesch\u00e4tzte Lesezeit\" \/>\n\t<meta name=\"twitter:data1\" content=\"1\u00a0Minute\" \/>\n<script type=\"application\/ld+json\" class=\"yoast-schema-graph\">{\"@context\":\"https:\\\/\\\/schema.org\",\"@graph\":[{\"@type\":\"WebPage\",\"@id\":\"https:\\\/\\\/www.capebretonoasis.com\\\/de\\\/umgebung\\\/\",\"url\":\"https:\\\/\\\/www.capebretonoasis.com\\\/de\\\/umgebung\\\/\",\"name\":\"Umgebung | Cape Breton Oasis Ltd.\",\"isPartOf\":{\"@id\":\"https:\\\/\\\/www.capebretonoasis.com\\\/#website\"},\"primaryImageOfPage\":{\"@id\":\"https:\\\/\\\/www.capebretonoasis.com\\\/de\\\/umgebung\\\/#primaryimage\"},\"image\":{\"@id\":\"https:\\\/\\\/www.capebretonoasis.com\\\/de\\\/umgebung\\\/#primaryimage\"},\"thumbnailUrl\":\"https:\\\/\\\/www.capebretonoasis.com\\\/wp-content\\\/uploads\\\/biosphere.png\",\"datePublished\":\"2022-07-12T10:52:15+00:00\",\"description\":\"Einkaufsm\u00f6glichkeiten und viele Sehensw\u00fcrdigkeiten befinden sich in Minuten-N\u00e4he. Der weltber\u00fchmt Cabot Trail liegt gerade vor der Haust\u00fcre.\",\"breadcrumb\":{\"@id\":\"https:\\\/\\\/www.capebretonoasis.com\\\/de\\\/umgebung\\\/#breadcrumb\"},\"inLanguage\":\"de\",\"potentialAction\":[{\"@type\":\"ReadAction\",\"target\":[\"https:\\\/\\\/www.capebretonoasis.com\\\/de\\\/umgebung\\\/\"]}]},{\"@type\":\"ImageObject\",\"inLanguage\":\"de\",\"@id\":\"https:\\\/\\\/www.capebretonoasis.com\\\/de\\\/umgebung\\\/#primaryimage\",\"url\":\"https:\\\/\\\/www.capebretonoasis.com\\\/wp-content\\\/uploads\\\/biosphere.png\",\"contentUrl\":\"https:\\\/\\\/www.capebretonoasis.com\\\/wp-content\\\/uploads\\\/biosphere.png\"},{\"@type\":\"BreadcrumbList\",\"@id\":\"https:\\\/\\\/www.capebretonoasis.com\\\/de\\\/umgebung\\\/#breadcrumb\",\"itemListElement\":[{\"@type\":\"ListItem\",\"position\":1,\"name\":\"Home\",\"item\":\"https:\\\/\\\/www.capebretonoasis.com\\\/de\\\/\"},{\"@type\":\"ListItem\",\"position\":2,\"name\":\"Umgebung\"}]},{\"@type\":\"WebSite\",\"@id\":\"https:\\\/\\\/www.capebretonoasis.com\\\/#website\",\"url\":\"https:\\\/\\\/www.capebretonoasis.com\\\/\",\"name\":\"Cape Breton Oasis Ltd.\",\"description\":\"Services for Seniors\",\"potentialAction\":[{\"@type\":\"SearchAction\",\"target\":{\"@type\":\"EntryPoint\",\"urlTemplate\":\"https:\\\/\\\/www.capebretonoasis.com\\\/?s={search_term_string}\"},\"query-input\":{\"@type\":\"PropertyValueSpecification\",\"valueRequired\":true,\"valueName\":\"search_term_string\"}}],\"inLanguage\":\"de\"}]}<\/script>\n<!-- \/ Yoast SEO plugin. -->","yoast_head_json":{"title":"Umgebung | Cape Breton Oasis Ltd.","description":"Einkaufsm\u00f6glichkeiten und viele Sehensw\u00fcrdigkeiten befinden sich in Minuten-N\u00e4he. Der weltber\u00fchmt Cabot Trail liegt gerade vor der Haust\u00fcre.","robots":{"index":"index","follow":"follow","max-snippet":"max-snippet:-1","max-image-preview":"max-image-preview:large","max-video-preview":"max-video-preview:-1"},"canonical":"https:\/\/www.capebretonoasis.com\/de\/umgebung\/","og_locale":"de_DE","og_type":"article","og_title":"Umgebung | Cape Breton Oasis Ltd.","og_description":"Einkaufsm\u00f6glichkeiten und viele Sehensw\u00fcrdigkeiten befinden sich in Minuten-N\u00e4he. Der weltber\u00fchmt Cabot Trail liegt gerade vor der Haust\u00fcre.","og_url":"https:\/\/www.capebretonoasis.com\/de\/umgebung\/","og_site_name":"Cape Breton Oasis Ltd.","og_image":[{"url":"https:\/\/www.capebretonoasis.com\/wp-content\/uploads\/biosphere.png","type":"","width":"","height":""}],"twitter_card":"summary_large_image","twitter_misc":{"Gesch\u00e4tzte Lesezeit":"1\u00a0Minute"},"schema":{"@context":"https:\/\/schema.org","@graph":[{"@type":"WebPage","@id":"https:\/\/www.capebretonoasis.com\/de\/umgebung\/","url":"https:\/\/www.capebretonoasis.com\/de\/umgebung\/","name":"Umgebung | Cape Breton Oasis Ltd.","isPartOf":{"@id":"https:\/\/www.capebretonoasis.com\/#website"},"primaryImageOfPage":{"@id":"https:\/\/www.capebretonoasis.com\/de\/umgebung\/#primaryimage"},"image":{"@id":"https:\/\/www.capebretonoasis.com\/de\/umgebung\/#primaryimage"},"thumbnailUrl":"https:\/\/www.capebretonoasis.com\/wp-content\/uploads\/biosphere.png","datePublished":"2022-07-12T10:52:15+00:00","description":"Einkaufsm\u00f6glichkeiten und viele Sehensw\u00fcrdigkeiten befinden sich in Minuten-N\u00e4he. Der weltber\u00fchmt Cabot Trail liegt gerade vor der Haust\u00fcre.","breadcrumb":{"@id":"https:\/\/www.capebretonoasis.com\/de\/umgebung\/#breadcrumb"},"inLanguage":"de","potentialAction":[{"@type":"ReadAction","target":["https:\/\/www.capebretonoasis.com\/de\/umgebung\/"]}]},{"@type":"ImageObject","inLanguage":"de","@id":"https:\/\/www.capebretonoasis.com\/de\/umgebung\/#primaryimage","url":"https:\/\/www.capebretonoasis.com\/wp-content\/uploads\/biosphere.png","contentUrl":"https:\/\/www.capebretonoasis.com\/wp-content\/uploads\/biosphere.png"},{"@type":"BreadcrumbList","@id":"https:\/\/www.capebretonoasis.com\/de\/umgebung\/#breadcrumb","itemListElement":[{"@type":"ListItem","position":1,"name":"Home","item":"https:\/\/www.capebretonoasis.com\/de\/"},{"@type":"ListItem","position":2,"name":"Umgebung"}]},{"@type":"WebSite","@id":"https:\/\/www.capebretonoasis.com\/#website","url":"https:\/\/www.capebretonoasis.com\/","name":"Cape Breton Oasis Ltd.","description":"Services for Seniors","potentialAction":[{"@type":"SearchAction","target":{"@type":"EntryPoint","urlTemplate":"https:\/\/www.capebretonoasis.com\/?s={search_term_string}"},"query-input":{"@type":"PropertyValueSpecification","valueRequired":true,"valueName":"search_term_string"}}],"inLanguage":"de"}]}},"_links":{"self":[{"href":"https:\/\/www.capebretonoasis.com\/de\/wp-json\/wp\/v2\/pages\/305","targetHints":{"allow":["GET"]}}],"collection":[{"href":"https:\/\/www.capebretonoasis.com\/de\/wp-json\/wp\/v2\/pages"}],"about":[{"href":"https:\/\/www.capebretonoasis.com\/de\/wp-json\/wp\/v2\/types\/page"}],"author":[{"embeddable":true,"href":"https:\/\/www.capebretonoasis.com\/de\/wp-json\/wp\/v2\/users\/1"}],"replies":[{"embeddable":true,"href":"https:\/\/www.capebretonoasis.com\/de\/wp-json\/wp\/v2\/comments?post=305"}],"version-history":[{"count":0,"href":"https:\/\/www.capebretonoasis.com\/de\/wp-json\/wp\/v2\/pages\/305\/revisions"}],"wp:attachment":[{"href":"https:\/\/www.capebretonoasis.com\/de\/wp-json\/wp\/v2\/media?parent=305"}],"curies":[{"name":"wp","href":"https:\/\/api.w.org\/{rel}","templated":true}]}}