{"id":294,"date":"2022-07-12T06:29:01","date_gmt":"2022-07-12T10:29:01","guid":{"rendered":"https:\/\/www.capebretonoasis.com\/?page_id=294"},"modified":"2022-07-12T06:39:10","modified_gmt":"2022-07-12T10:39:10","slug":"buchung-preise","status":"publish","type":"page","link":"https:\/\/www.capebretonoasis.com\/de\/buchung-preise\/","title":{"rendered":"Buchung\/Preise"},"content":{"rendered":"<h2>Preise<\/h2>\n<p>Tabelle mit Preisen folgt.<\/p>\n<h2>Buchung<\/h2>\n<p>Bzgl. Anfragen bzgl. Verf\u00fcgbarkeit, Buchungsw\u00fcnsche oder anderer Fragen <a href=\"https:\/\/www.capebretonoasis.com\/de\/kontakt\/\">setzen Sie sich bitte mit uns in Verbindung<\/a>.<\/p>\n<p class=\"nah\">Hinweis zu unseren Vermietungsbedingungen\/das Kleingedruckte:<\/p>\n<ol>\n<li>Mindestmietdauer ist 3 Tage. F\u00fcr einen Mietdauer von einer oder mehreren Wochen gibt es Spezialpreise (siehe Tabelle).<\/li>\n<li>Die Endreinigung sowie die zur Verf\u00fcgungstellung von Bettw\u00e4sche und Handt\u00fcchern (1 mal frisch pro Woche bei l\u00e4ngeren Aufenthalten) sind inbegriffen. Wir freuen uns, wenn das Cottage besenrein und mit gewaschenem Geschirr verlassen wird.<\/li>\n<li>In den Cottages sowie auf dem Grundst\u00fcck herrscht ein generelles Rauchverbot.<\/li>\n<li>Im Haus\/Appartement bitte Hausschuhe tragen. Eine kleine Schuhablage befindet sich am Eingang.<\/li>\n<li>Wir schonen die Umwelt und trennen unseren M\u00fcll, bitte machen Sie mit. Es stehen in jedem Cottage mehrere entsprechende Beh\u00e4ltnisse mit M\u00fclls\u00e4cken bereit. <\/li>\n<li>Bzgl. Mitbringen von Haustieren bitte vorher anfragen.<\/li>\n<li>F\u00fcr eine verbindliche Buchung ben\u00f6tigen wir ein paar pers\u00f6nliche Daten und bitten um eine Mindest-Anzahlung von 25%. Die Restzahlung ist bis sp\u00e4testens 10 Tage vor Ankunft zu leisten. Bei kurzfristiger Buchung (Buchungszeitpunkt < 10 Tage vor Mietbeginn) ist der Gesamtbetrag in einer Summe f\u00e4llig \u00dcberweisungen k\u00f6nnen auf unser dt. wie auch auf unser kanadisches Konto erfolgen. <\/li>\n<li>Der Anzahlungsbetrag ist bei einer etwaigen Absage Ihrerseits nicht r\u00fcckerstattungsf\u00e4hig. Daher empfehlen wir Ihnen f\u00fcr Ihre eigene Sicherheit eine Storno- oder Reise-R\u00fccktritts-Versicherung.<\/li>\n<li>Eine Buchungsbest\u00e4tigung und eine detaillierte Anfahrtsbeschreibung senden wir Ihnen sofort nach dem Eingang der Anzahlung zu. Damit ist dann der Mietvertrag zustande gekommen. <\/li>\n<li>Mit der Buchung erkl\u00e4ren Sie sich einverstanden, alle Aktivit\u00e4ten auf dem Grundst\u00fcck und im Cottage auf eigene Gefahr zu unternehmen. F\u00fcr etwaige Unf\u00e4lle wird unsererseits keinerlei Haftung \u00fcbernommen!! \u00dcber diesen mit erfolgter Buchung vereinbarten Haftungsausschluss ist bei Anreise auch ausnahmslos von allen G\u00e4sten ein entsprechendes Formular zu unterzeichnen.<\/li>\n<li>Check-In: 16:00 &#8211; 21:00 Uhr (Anreisetag); Check-Out: bis 10:00 Uhr (Abreisetag). Nat\u00fcrlich k\u00f6nnen Sie vorab anfragen, wenn bspw. die Flugverbindungen diese Zeiten nicht zulassen. Der Weg vom Flughafen Halifax betr\u00e4gt etwa 4 Stunden.<\/li>\n<li>F\u00fcr Ihren Comfort bieten wir Ihnen einen kleinen Einkaufsservice an. Besonders wenn Sie zum ersten Mal hier sind oder keine lange Aufenthaltsdauer haben, nehmen wir Ihnen den Einkauf einer Grundausstattung gerne ab (bitte \u201eEinkaufsliste\u201c rechtzeitig mitteilen).<\/li>\n<li>Noch ein Tipp: Bitte \u00fcberpr\u00fcfen Sie vor Abreise Ihren Haftpflicht- und Krankenversicherungsschutz f\u00fcr KANADA. Die \u00e4rztliche Versorgung hier vor Ort ist sehr gut, Touristen m\u00fcssen aber in der Regel erst einmal in finanzielle Vorleistung treten (Diese Rechnungen k\u00f6nnen Sie dann sp\u00e4ter bei Ihrer Auslandsversicherung\/Krankenkasse zur Erstattung einreichen.).<\/li>\n<li>Au\u00dferdem rechtzeitig den Reisepass \u00fcberpr\u00fcfen. F\u00fcr die Einreise nach Kanada muss dieser noch mindestens 6 Monate G\u00fcltigkeit aufweisen.<\/li>\n<\/ol>\n","protected":false},"excerpt":{"rendered":"<p>Preise Tabelle mit Preisen folgt. Buchung Bzgl. Anfragen bzgl. Verf\u00fcgbarkeit, Buchungsw\u00fcnsche oder anderer Fragen setzen Sie sich bitte mit uns in Verbindung. Hinweis zu unseren Vermietungsbedingungen\/das Kleingedruckte: Mindestmietdauer ist 3 Tage. F\u00fcr einen Mietdauer von einer oder mehreren Wochen gibt es Spezialpreise (siehe Tabelle). Die Endreinigung sowie die zur Verf\u00fcgungstellung von Bettw\u00e4sche und Handt\u00fcchern (1 [&hellip;]<\/p>\n","protected":false},"author":1,"featured_media":0,"parent":0,"menu_order":30,"comment_status":"closed","ping_status":"closed","template":"","meta":{"footnotes":""},"class_list":["post-294","page","type-page","status-publish","hentry"],"yoast_head":"<!-- This site is optimized with the Yoast SEO plugin v27.5 - https:\/\/yoast.com\/product\/yoast-seo-wordpress\/ -->\n<title>Buchung\/Preise | Cape Breton Oasis Ltd.<\/title>\n<meta name=\"description\" content=\"Bzgl. Anfragen bzgl. Verf\u00fcgbarkeit, Buchungsw\u00fcnsche oder anderer Fragen setzen Sie sich bitte mit uns in Verbindung.\" \/>\n<meta name=\"robots\" content=\"index, follow, max-snippet:-1, max-image-preview:large, max-video-preview:-1\" \/>\n<link rel=\"canonical\" href=\"https:\/\/www.capebretonoasis.com\/de\/buchung-preise\/\" \/>\n<meta property=\"og:locale\" content=\"de_DE\" \/>\n<meta property=\"og:type\" content=\"article\" \/>\n<meta property=\"og:title\" content=\"Buchung\/Preise | Cape Breton Oasis Ltd.\" \/>\n<meta property=\"og:description\" content=\"Bzgl. Anfragen bzgl. Verf\u00fcgbarkeit, Buchungsw\u00fcnsche oder anderer Fragen setzen Sie sich bitte mit uns in Verbindung.\" \/>\n<meta property=\"og:url\" content=\"https:\/\/www.capebretonoasis.com\/de\/buchung-preise\/\" \/>\n<meta property=\"og:site_name\" content=\"Cape Breton Oasis Ltd.\" \/>\n<meta property=\"article:modified_time\" content=\"2022-07-12T10:39:10+00:00\" \/>\n<meta name=\"twitter:card\" content=\"summary_large_image\" \/>\n<meta name=\"twitter:label1\" content=\"Gesch\u00e4tzte Lesezeit\" \/>\n\t<meta name=\"twitter:data1\" content=\"2\u00a0Minuten\" \/>\n<script type=\"application\/ld+json\" class=\"yoast-schema-graph\">{\"@context\":\"https:\\\/\\\/schema.org\",\"@graph\":[{\"@type\":\"WebPage\",\"@id\":\"https:\\\/\\\/www.capebretonoasis.com\\\/de\\\/buchung-preise\\\/\",\"url\":\"https:\\\/\\\/www.capebretonoasis.com\\\/de\\\/buchung-preise\\\/\",\"name\":\"Buchung\\\/Preise | Cape Breton Oasis Ltd.\",\"isPartOf\":{\"@id\":\"https:\\\/\\\/www.capebretonoasis.com\\\/#website\"},\"datePublished\":\"2022-07-12T10:29:01+00:00\",\"dateModified\":\"2022-07-12T10:39:10+00:00\",\"description\":\"Bzgl. Anfragen bzgl. Verf\u00fcgbarkeit, Buchungsw\u00fcnsche oder anderer Fragen setzen Sie sich bitte mit uns in Verbindung.\",\"breadcrumb\":{\"@id\":\"https:\\\/\\\/www.capebretonoasis.com\\\/de\\\/buchung-preise\\\/#breadcrumb\"},\"inLanguage\":\"de\",\"potentialAction\":[{\"@type\":\"ReadAction\",\"target\":[\"https:\\\/\\\/www.capebretonoasis.com\\\/de\\\/buchung-preise\\\/\"]}]},{\"@type\":\"BreadcrumbList\",\"@id\":\"https:\\\/\\\/www.capebretonoasis.com\\\/de\\\/buchung-preise\\\/#breadcrumb\",\"itemListElement\":[{\"@type\":\"ListItem\",\"position\":1,\"name\":\"Home\",\"item\":\"https:\\\/\\\/www.capebretonoasis.com\\\/de\\\/\"},{\"@type\":\"ListItem\",\"position\":2,\"name\":\"Buchung\\\/Preise\"}]},{\"@type\":\"WebSite\",\"@id\":\"https:\\\/\\\/www.capebretonoasis.com\\\/#website\",\"url\":\"https:\\\/\\\/www.capebretonoasis.com\\\/\",\"name\":\"Cape Breton Oasis Ltd.\",\"description\":\"Services for Seniors\",\"potentialAction\":[{\"@type\":\"SearchAction\",\"target\":{\"@type\":\"EntryPoint\",\"urlTemplate\":\"https:\\\/\\\/www.capebretonoasis.com\\\/?s={search_term_string}\"},\"query-input\":{\"@type\":\"PropertyValueSpecification\",\"valueRequired\":true,\"valueName\":\"search_term_string\"}}],\"inLanguage\":\"de\"}]}<\/script>\n<!-- \/ Yoast SEO plugin. -->","yoast_head_json":{"title":"Buchung\/Preise | Cape Breton Oasis Ltd.","description":"Bzgl. Anfragen bzgl. Verf\u00fcgbarkeit, Buchungsw\u00fcnsche oder anderer Fragen setzen Sie sich bitte mit uns in Verbindung.","robots":{"index":"index","follow":"follow","max-snippet":"max-snippet:-1","max-image-preview":"max-image-preview:large","max-video-preview":"max-video-preview:-1"},"canonical":"https:\/\/www.capebretonoasis.com\/de\/buchung-preise\/","og_locale":"de_DE","og_type":"article","og_title":"Buchung\/Preise | Cape Breton Oasis Ltd.","og_description":"Bzgl. Anfragen bzgl. Verf\u00fcgbarkeit, Buchungsw\u00fcnsche oder anderer Fragen setzen Sie sich bitte mit uns in Verbindung.","og_url":"https:\/\/www.capebretonoasis.com\/de\/buchung-preise\/","og_site_name":"Cape Breton Oasis Ltd.","article_modified_time":"2022-07-12T10:39:10+00:00","twitter_card":"summary_large_image","twitter_misc":{"Gesch\u00e4tzte Lesezeit":"2\u00a0Minuten"},"schema":{"@context":"https:\/\/schema.org","@graph":[{"@type":"WebPage","@id":"https:\/\/www.capebretonoasis.com\/de\/buchung-preise\/","url":"https:\/\/www.capebretonoasis.com\/de\/buchung-preise\/","name":"Buchung\/Preise | Cape Breton Oasis Ltd.","isPartOf":{"@id":"https:\/\/www.capebretonoasis.com\/#website"},"datePublished":"2022-07-12T10:29:01+00:00","dateModified":"2022-07-12T10:39:10+00:00","description":"Bzgl. Anfragen bzgl. Verf\u00fcgbarkeit, Buchungsw\u00fcnsche oder anderer Fragen setzen Sie sich bitte mit uns in Verbindung.","breadcrumb":{"@id":"https:\/\/www.capebretonoasis.com\/de\/buchung-preise\/#breadcrumb"},"inLanguage":"de","potentialAction":[{"@type":"ReadAction","target":["https:\/\/www.capebretonoasis.com\/de\/buchung-preise\/"]}]},{"@type":"BreadcrumbList","@id":"https:\/\/www.capebretonoasis.com\/de\/buchung-preise\/#breadcrumb","itemListElement":[{"@type":"ListItem","position":1,"name":"Home","item":"https:\/\/www.capebretonoasis.com\/de\/"},{"@type":"ListItem","position":2,"name":"Buchung\/Preise"}]},{"@type":"WebSite","@id":"https:\/\/www.capebretonoasis.com\/#website","url":"https:\/\/www.capebretonoasis.com\/","name":"Cape Breton Oasis Ltd.","description":"Services for Seniors","potentialAction":[{"@type":"SearchAction","target":{"@type":"EntryPoint","urlTemplate":"https:\/\/www.capebretonoasis.com\/?s={search_term_string}"},"query-input":{"@type":"PropertyValueSpecification","valueRequired":true,"valueName":"search_term_string"}}],"inLanguage":"de"}]}},"_links":{"self":[{"href":"https:\/\/www.capebretonoasis.com\/de\/wp-json\/wp\/v2\/pages\/294","targetHints":{"allow":["GET"]}}],"collection":[{"href":"https:\/\/www.capebretonoasis.com\/de\/wp-json\/wp\/v2\/pages"}],"about":[{"href":"https:\/\/www.capebretonoasis.com\/de\/wp-json\/wp\/v2\/types\/page"}],"author":[{"embeddable":true,"href":"https:\/\/www.capebretonoasis.com\/de\/wp-json\/wp\/v2\/users\/1"}],"replies":[{"embeddable":true,"href":"https:\/\/www.capebretonoasis.com\/de\/wp-json\/wp\/v2\/comments?post=294"}],"version-history":[{"count":0,"href":"https:\/\/www.capebretonoasis.com\/de\/wp-json\/wp\/v2\/pages\/294\/revisions"}],"wp:attachment":[{"href":"https:\/\/www.capebretonoasis.com\/de\/wp-json\/wp\/v2\/media?parent=294"}],"curies":[{"name":"wp","href":"https:\/\/api.w.org\/{rel}","templated":true}]}}