{"id":24,"date":"2018-04-08T03:48:40","date_gmt":"2018-04-08T07:48:40","guid":{"rendered":"https:\/\/www.capebretonoasis.com\/?page_id=24"},"modified":"2022-07-12T06:16:22","modified_gmt":"2022-07-12T10:16:22","slug":"impressum","status":"publish","type":"page","link":"https:\/\/www.capebretonoasis.com\/de\/impressum\/","title":{"rendered":"Impressum"},"content":{"rendered":"<h2>Verantwortlich f\u00fcr diese Website<\/h2>\n<p>Angaben gem\u00e4\u00df \u00a7 5 TMG:<\/p>\n<p class=\"nah\">Cape Breton Oasis Ltd.<br \/>Petra and Bernhard Krug<br \/>1054 West Side Middle River Road<br \/>Baddeck-Middle River, Nova Scotia<br \/>Canada<br \/>B0E 1B0<\/p>\n<p class=\"nah\">Telefon: <a href=\"tel:+19022958560\">+1-902-295-8560<\/a><\/p>\n<p>E-Mail: <a href=\"mailto:info@capebretonoasis.com\">info@capebretonoasis.com<\/a><\/p>\n<p>Photo credits:<br \/>Canada Flag wooden sign with winery background Datei: #85910840, Author: gustavofrazao &#8211; <a href=\"https:\/\/de.fotolia.com\/\" target=\"_blank\" rel=\"noopener noreferrer\">Fotolia.com<\/a><br \/>Cabot Trail Road Sign &#8211; Nova Scotia &#8211; Canada Datei: #120838794, Author: Adwo &#8211; <a href=\"https:\/\/de.fotolia.com\/\" target=\"_blank\" rel=\"noopener noreferrer\">Fotolia.com<\/a><br \/>Nova Scotian Tartan Datei: #165081572, Author: winterbilder &#8211; <a href=\"https:\/\/de.fotolia.com\/\" target=\"_blank\" rel=\"noopener noreferrer\">Fotolia.com<\/a><br \/>Cabot Trail at sunset Datei: #71398490, Author: Petrov Vadim &#8211; <a href=\"https:\/\/de.fotolia.com\/\" target=\"_blank\" rel=\"noopener noreferrer\">Fotolia.com<\/a><br \/>Seniorengruppe beim Wandern Datei: #110723188, Author: ARochau &#8211; <a href=\"https:\/\/de.fotolia.com\/\" target=\"_blank\" rel=\"noopener noreferrer\">Fotolia.com<\/a><\/p>\n","protected":false},"excerpt":{"rendered":"<p>Verantwortlich f\u00fcr diese Website Angaben gem\u00e4\u00df \u00a7 5 TMG: Cape Breton Oasis Ltd.Petra and Bernhard Krug1054 West Side Middle River RoadBaddeck-Middle River, Nova ScotiaCanadaB0E 1B0 Telefon: +1-902-295-8560 E-Mail: info@capebretonoasis.com Photo credits:Canada Flag wooden sign with winery background Datei: #85910840, Author: gustavofrazao &#8211; Fotolia.comCabot Trail Road Sign &#8211; Nova Scotia &#8211; Canada Datei: #120838794, Author: Adwo [&hellip;]<\/p>\n","protected":false},"author":1,"featured_media":0,"parent":0,"menu_order":110,"comment_status":"closed","ping_status":"closed","template":"","meta":{"footnotes":""},"class_list":["post-24","page","type-page","status-publish","hentry"],"yoast_head":"<!-- This site is optimized with the Yoast SEO plugin v27.5 - https:\/\/yoast.com\/product\/yoast-seo-wordpress\/ -->\n<title>Impressum | Cape Breton Oasis Ltd.<\/title>\n<meta name=\"description\" content=\"Verantwortlich f\u00fcr diese Website: Cape Breton Oasis Ltd., 1054 West Side Middle River Road, Middle River, Nova Scotia, B0E 1B0, Telefon: +1-902-295-8560\" \/>\n<meta name=\"robots\" content=\"index, follow, max-snippet:-1, max-image-preview:large, max-video-preview:-1\" \/>\n<link rel=\"canonical\" href=\"https:\/\/www.capebretonoasis.com\/de\/impressum\/\" \/>\n<meta property=\"og:locale\" content=\"de_DE\" \/>\n<meta property=\"og:type\" content=\"article\" \/>\n<meta property=\"og:title\" content=\"Impressum | Cape Breton Oasis Ltd.\" \/>\n<meta property=\"og:description\" content=\"Verantwortlich f\u00fcr diese Website: Cape Breton Oasis Ltd., 1054 West Side Middle River Road, Middle River, Nova Scotia, B0E 1B0, Telefon: +1-902-295-8560\" \/>\n<meta property=\"og:url\" content=\"https:\/\/www.capebretonoasis.com\/de\/impressum\/\" \/>\n<meta property=\"og:site_name\" content=\"Cape Breton Oasis Ltd.\" \/>\n<meta property=\"article:modified_time\" content=\"2022-07-12T10:16:22+00:00\" \/>\n<meta name=\"twitter:card\" content=\"summary_large_image\" \/>\n<script type=\"application\/ld+json\" class=\"yoast-schema-graph\">{\"@context\":\"https:\\\/\\\/schema.org\",\"@graph\":[{\"@type\":\"WebPage\",\"@id\":\"https:\\\/\\\/www.capebretonoasis.com\\\/de\\\/impressum\\\/\",\"url\":\"https:\\\/\\\/www.capebretonoasis.com\\\/de\\\/impressum\\\/\",\"name\":\"Impressum | Cape Breton Oasis Ltd.\",\"isPartOf\":{\"@id\":\"https:\\\/\\\/www.capebretonoasis.com\\\/#website\"},\"datePublished\":\"2018-04-08T07:48:40+00:00\",\"dateModified\":\"2022-07-12T10:16:22+00:00\",\"description\":\"Verantwortlich f\u00fcr diese Website: Cape Breton Oasis Ltd., 1054 West Side Middle River Road, Middle River, Nova Scotia, B0E 1B0, Telefon: +1-902-295-8560\",\"breadcrumb\":{\"@id\":\"https:\\\/\\\/www.capebretonoasis.com\\\/de\\\/impressum\\\/#breadcrumb\"},\"inLanguage\":\"de\",\"potentialAction\":[{\"@type\":\"ReadAction\",\"target\":[\"https:\\\/\\\/www.capebretonoasis.com\\\/de\\\/impressum\\\/\"]}]},{\"@type\":\"BreadcrumbList\",\"@id\":\"https:\\\/\\\/www.capebretonoasis.com\\\/de\\\/impressum\\\/#breadcrumb\",\"itemListElement\":[{\"@type\":\"ListItem\",\"position\":1,\"name\":\"Home\",\"item\":\"https:\\\/\\\/www.capebretonoasis.com\\\/de\\\/\"},{\"@type\":\"ListItem\",\"position\":2,\"name\":\"Impressum\"}]},{\"@type\":\"WebSite\",\"@id\":\"https:\\\/\\\/www.capebretonoasis.com\\\/#website\",\"url\":\"https:\\\/\\\/www.capebretonoasis.com\\\/\",\"name\":\"Cape Breton Oasis Ltd.\",\"description\":\"Services for Seniors\",\"potentialAction\":[{\"@type\":\"SearchAction\",\"target\":{\"@type\":\"EntryPoint\",\"urlTemplate\":\"https:\\\/\\\/www.capebretonoasis.com\\\/?s={search_term_string}\"},\"query-input\":{\"@type\":\"PropertyValueSpecification\",\"valueRequired\":true,\"valueName\":\"search_term_string\"}}],\"inLanguage\":\"de\"}]}<\/script>\n<!-- \/ Yoast SEO plugin. -->","yoast_head_json":{"title":"Impressum | Cape Breton Oasis Ltd.","description":"Verantwortlich f\u00fcr diese Website: Cape Breton Oasis Ltd., 1054 West Side Middle River Road, Middle River, Nova Scotia, B0E 1B0, Telefon: +1-902-295-8560","robots":{"index":"index","follow":"follow","max-snippet":"max-snippet:-1","max-image-preview":"max-image-preview:large","max-video-preview":"max-video-preview:-1"},"canonical":"https:\/\/www.capebretonoasis.com\/de\/impressum\/","og_locale":"de_DE","og_type":"article","og_title":"Impressum | Cape Breton Oasis Ltd.","og_description":"Verantwortlich f\u00fcr diese Website: Cape Breton Oasis Ltd., 1054 West Side Middle River Road, Middle River, Nova Scotia, B0E 1B0, Telefon: +1-902-295-8560","og_url":"https:\/\/www.capebretonoasis.com\/de\/impressum\/","og_site_name":"Cape Breton Oasis Ltd.","article_modified_time":"2022-07-12T10:16:22+00:00","twitter_card":"summary_large_image","schema":{"@context":"https:\/\/schema.org","@graph":[{"@type":"WebPage","@id":"https:\/\/www.capebretonoasis.com\/de\/impressum\/","url":"https:\/\/www.capebretonoasis.com\/de\/impressum\/","name":"Impressum | Cape Breton Oasis Ltd.","isPartOf":{"@id":"https:\/\/www.capebretonoasis.com\/#website"},"datePublished":"2018-04-08T07:48:40+00:00","dateModified":"2022-07-12T10:16:22+00:00","description":"Verantwortlich f\u00fcr diese Website: Cape Breton Oasis Ltd., 1054 West Side Middle River Road, Middle River, Nova Scotia, B0E 1B0, Telefon: +1-902-295-8560","breadcrumb":{"@id":"https:\/\/www.capebretonoasis.com\/de\/impressum\/#breadcrumb"},"inLanguage":"de","potentialAction":[{"@type":"ReadAction","target":["https:\/\/www.capebretonoasis.com\/de\/impressum\/"]}]},{"@type":"BreadcrumbList","@id":"https:\/\/www.capebretonoasis.com\/de\/impressum\/#breadcrumb","itemListElement":[{"@type":"ListItem","position":1,"name":"Home","item":"https:\/\/www.capebretonoasis.com\/de\/"},{"@type":"ListItem","position":2,"name":"Impressum"}]},{"@type":"WebSite","@id":"https:\/\/www.capebretonoasis.com\/#website","url":"https:\/\/www.capebretonoasis.com\/","name":"Cape Breton Oasis Ltd.","description":"Services for Seniors","potentialAction":[{"@type":"SearchAction","target":{"@type":"EntryPoint","urlTemplate":"https:\/\/www.capebretonoasis.com\/?s={search_term_string}"},"query-input":{"@type":"PropertyValueSpecification","valueRequired":true,"valueName":"search_term_string"}}],"inLanguage":"de"}]}},"_links":{"self":[{"href":"https:\/\/www.capebretonoasis.com\/de\/wp-json\/wp\/v2\/pages\/24","targetHints":{"allow":["GET"]}}],"collection":[{"href":"https:\/\/www.capebretonoasis.com\/de\/wp-json\/wp\/v2\/pages"}],"about":[{"href":"https:\/\/www.capebretonoasis.com\/de\/wp-json\/wp\/v2\/types\/page"}],"author":[{"embeddable":true,"href":"https:\/\/www.capebretonoasis.com\/de\/wp-json\/wp\/v2\/users\/1"}],"replies":[{"embeddable":true,"href":"https:\/\/www.capebretonoasis.com\/de\/wp-json\/wp\/v2\/comments?post=24"}],"version-history":[{"count":0,"href":"https:\/\/www.capebretonoasis.com\/de\/wp-json\/wp\/v2\/pages\/24\/revisions"}],"wp:attachment":[{"href":"https:\/\/www.capebretonoasis.com\/de\/wp-json\/wp\/v2\/media?parent=24"}],"curies":[{"name":"wp","href":"https:\/\/api.w.org\/{rel}","templated":true}]}}