{"id":11,"date":"2018-04-02T07:20:38","date_gmt":"2018-04-02T11:20:38","guid":{"rendered":"https:\/\/www.capebretonoasis.com\/?page_id=11"},"modified":"2022-07-12T05:48:28","modified_gmt":"2022-07-12T09:48:28","slug":"startseite","status":"publish","type":"page","link":"https:\/\/www.capebretonoasis.com\/de\/","title":{"rendered":"Startseite"},"content":{"rendered":"<h1>Willkommen bei Cape Breton Oasis Ltd.<\/h1>\n<p>Genie\u00dfen Sie Ihren n\u00e4chsten Urlaub in einem unserer sch\u00f6nen <strong>Zedernholz-Blockh\u00e4usern<\/strong> in der N\u00e4he des ber\u00fchmten Cabot Trail in Middle River \/ North Margaree \/ Baddeck auf Cape Breton Island, NS!<\/p>\n<p>Middle River ist der ideale Ausgangspunkt f\u00fcr Touristen sowie f\u00fcr Angler (viele Angelm\u00f6glichkeiten in der Umgebung), Wanderer und Schneemobilfahrer (ein paar Trails in der Gegend). <\/p>\n<p>Von den Cottages aus genie\u00dfen Sie einen herrlichen Blick auf die nahe gelegenen Cape Breton Highlands sowie auf Wiesen und W\u00e4lder.<\/p>\n<p><img decoding=\"async\" src=\"https:\/\/www.capebretonoasis.com\/wp-content\/uploads\/cbo-home1.jpg\" alt=\"Zedernholz-Blockhaus\"><\/p>\n","protected":false},"excerpt":{"rendered":"<p>Willkommen bei Cape Breton Oasis Ltd. Genie\u00dfen Sie Ihren n\u00e4chsten Urlaub in einem unserer sch\u00f6nen Zedernholz-Blockh\u00e4usern in der N\u00e4he des ber\u00fchmten Cabot Trail in Middle River \/ North Margaree \/ Baddeck auf Cape Breton Island, NS! Middle River ist der ideale Ausgangspunkt f\u00fcr Touristen sowie f\u00fcr Angler (viele Angelm\u00f6glichkeiten in der Umgebung), Wanderer und Schneemobilfahrer [&hellip;]<\/p>\n","protected":false},"author":1,"featured_media":0,"parent":0,"menu_order":1,"comment_status":"closed","ping_status":"open","template":"special.php","meta":{"footnotes":""},"class_list":["post-11","page","type-page","status-publish","hentry"],"yoast_head":"<!-- This site is optimized with the Yoast SEO plugin v27.5 - https:\/\/yoast.com\/product\/yoast-seo-wordpress\/ -->\n<title>Cape Breton Oasis Ltd. in Middle River, Nova Scotia<\/title>\n<meta name=\"description\" content=\"Genie\u00dfen Sie Ihren Urlaub in einem unserer sch\u00f6nen Zedernholz-Blockh\u00e4usern in der N\u00e4he des Cabot Trail in Middle River, Cape Breton Island, NS\" \/>\n<meta name=\"robots\" content=\"index, follow, max-snippet:-1, max-image-preview:large, max-video-preview:-1\" \/>\n<link rel=\"canonical\" href=\"https:\/\/www.capebretonoasis.com\/de\/\" \/>\n<meta property=\"og:locale\" content=\"de_DE\" \/>\n<meta property=\"og:type\" content=\"article\" \/>\n<meta property=\"og:title\" content=\"Cape Breton Oasis Ltd. in Middle River, Nova Scotia\" \/>\n<meta property=\"og:description\" content=\"Genie\u00dfen Sie Ihren Urlaub in einem unserer sch\u00f6nen Zedernholz-Blockh\u00e4usern in der N\u00e4he des Cabot Trail in Middle River, Cape Breton Island, NS\" \/>\n<meta property=\"og:url\" content=\"https:\/\/www.capebretonoasis.com\/de\/\" \/>\n<meta property=\"og:site_name\" content=\"Cape Breton Oasis Ltd.\" \/>\n<meta property=\"article:modified_time\" content=\"2022-07-12T09:48:28+00:00\" \/>\n<meta property=\"og:image\" content=\"https:\/\/www.capebretonoasis.com\/wp-content\/uploads\/cbo-home1.jpg\" \/>\n<meta name=\"twitter:card\" content=\"summary_large_image\" \/>\n<script type=\"application\/ld+json\" class=\"yoast-schema-graph\">{\"@context\":\"https:\\\/\\\/schema.org\",\"@graph\":[{\"@type\":\"WebPage\",\"@id\":\"https:\\\/\\\/www.capebretonoasis.com\\\/de\\\/\",\"url\":\"https:\\\/\\\/www.capebretonoasis.com\\\/de\\\/\",\"name\":\"Cape Breton Oasis Ltd. in Middle River, Nova Scotia\",\"isPartOf\":{\"@id\":\"https:\\\/\\\/www.capebretonoasis.com\\\/#website\"},\"primaryImageOfPage\":{\"@id\":\"https:\\\/\\\/www.capebretonoasis.com\\\/de\\\/#primaryimage\"},\"image\":{\"@id\":\"https:\\\/\\\/www.capebretonoasis.com\\\/de\\\/#primaryimage\"},\"thumbnailUrl\":\"https:\\\/\\\/www.capebretonoasis.com\\\/wp-content\\\/uploads\\\/cbo-home1.jpg\",\"datePublished\":\"2018-04-02T11:20:38+00:00\",\"dateModified\":\"2022-07-12T09:48:28+00:00\",\"description\":\"Genie\u00dfen Sie Ihren Urlaub in einem unserer sch\u00f6nen Zedernholz-Blockh\u00e4usern in der N\u00e4he des Cabot Trail in Middle River, Cape Breton Island, NS\",\"breadcrumb\":{\"@id\":\"https:\\\/\\\/www.capebretonoasis.com\\\/de\\\/#breadcrumb\"},\"inLanguage\":\"de\",\"potentialAction\":[{\"@type\":\"ReadAction\",\"target\":[\"https:\\\/\\\/www.capebretonoasis.com\\\/de\\\/\"]}]},{\"@type\":\"ImageObject\",\"inLanguage\":\"de\",\"@id\":\"https:\\\/\\\/www.capebretonoasis.com\\\/de\\\/#primaryimage\",\"url\":\"https:\\\/\\\/www.capebretonoasis.com\\\/wp-content\\\/uploads\\\/cbo-home1.jpg\",\"contentUrl\":\"https:\\\/\\\/www.capebretonoasis.com\\\/wp-content\\\/uploads\\\/cbo-home1.jpg\"},{\"@type\":\"BreadcrumbList\",\"@id\":\"https:\\\/\\\/www.capebretonoasis.com\\\/de\\\/#breadcrumb\",\"itemListElement\":[{\"@type\":\"ListItem\",\"position\":1,\"name\":\"Home\",\"item\":\"https:\\\/\\\/www.capebretonoasis.com\\\/de\\\/\"},{\"@type\":\"ListItem\",\"position\":2,\"name\":\"Startseite\"}]},{\"@type\":\"WebSite\",\"@id\":\"https:\\\/\\\/www.capebretonoasis.com\\\/#website\",\"url\":\"https:\\\/\\\/www.capebretonoasis.com\\\/\",\"name\":\"Cape Breton Oasis Ltd.\",\"description\":\"Services for Seniors\",\"potentialAction\":[{\"@type\":\"SearchAction\",\"target\":{\"@type\":\"EntryPoint\",\"urlTemplate\":\"https:\\\/\\\/www.capebretonoasis.com\\\/?s={search_term_string}\"},\"query-input\":{\"@type\":\"PropertyValueSpecification\",\"valueRequired\":true,\"valueName\":\"search_term_string\"}}],\"inLanguage\":\"de\"}]}<\/script>\n<!-- \/ Yoast SEO plugin. -->","yoast_head_json":{"title":"Cape Breton Oasis Ltd. in Middle River, Nova Scotia","description":"Genie\u00dfen Sie Ihren Urlaub in einem unserer sch\u00f6nen Zedernholz-Blockh\u00e4usern in der N\u00e4he des Cabot Trail in Middle River, Cape Breton Island, NS","robots":{"index":"index","follow":"follow","max-snippet":"max-snippet:-1","max-image-preview":"max-image-preview:large","max-video-preview":"max-video-preview:-1"},"canonical":"https:\/\/www.capebretonoasis.com\/de\/","og_locale":"de_DE","og_type":"article","og_title":"Cape Breton Oasis Ltd. in Middle River, Nova Scotia","og_description":"Genie\u00dfen Sie Ihren Urlaub in einem unserer sch\u00f6nen Zedernholz-Blockh\u00e4usern in der N\u00e4he des Cabot Trail in Middle River, Cape Breton Island, NS","og_url":"https:\/\/www.capebretonoasis.com\/de\/","og_site_name":"Cape Breton Oasis Ltd.","article_modified_time":"2022-07-12T09:48:28+00:00","og_image":[{"url":"https:\/\/www.capebretonoasis.com\/wp-content\/uploads\/cbo-home1.jpg","type":"","width":"","height":""}],"twitter_card":"summary_large_image","schema":{"@context":"https:\/\/schema.org","@graph":[{"@type":"WebPage","@id":"https:\/\/www.capebretonoasis.com\/de\/","url":"https:\/\/www.capebretonoasis.com\/de\/","name":"Cape Breton Oasis Ltd. in Middle River, Nova Scotia","isPartOf":{"@id":"https:\/\/www.capebretonoasis.com\/#website"},"primaryImageOfPage":{"@id":"https:\/\/www.capebretonoasis.com\/de\/#primaryimage"},"image":{"@id":"https:\/\/www.capebretonoasis.com\/de\/#primaryimage"},"thumbnailUrl":"https:\/\/www.capebretonoasis.com\/wp-content\/uploads\/cbo-home1.jpg","datePublished":"2018-04-02T11:20:38+00:00","dateModified":"2022-07-12T09:48:28+00:00","description":"Genie\u00dfen Sie Ihren Urlaub in einem unserer sch\u00f6nen Zedernholz-Blockh\u00e4usern in der N\u00e4he des Cabot Trail in Middle River, Cape Breton Island, NS","breadcrumb":{"@id":"https:\/\/www.capebretonoasis.com\/de\/#breadcrumb"},"inLanguage":"de","potentialAction":[{"@type":"ReadAction","target":["https:\/\/www.capebretonoasis.com\/de\/"]}]},{"@type":"ImageObject","inLanguage":"de","@id":"https:\/\/www.capebretonoasis.com\/de\/#primaryimage","url":"https:\/\/www.capebretonoasis.com\/wp-content\/uploads\/cbo-home1.jpg","contentUrl":"https:\/\/www.capebretonoasis.com\/wp-content\/uploads\/cbo-home1.jpg"},{"@type":"BreadcrumbList","@id":"https:\/\/www.capebretonoasis.com\/de\/#breadcrumb","itemListElement":[{"@type":"ListItem","position":1,"name":"Home","item":"https:\/\/www.capebretonoasis.com\/de\/"},{"@type":"ListItem","position":2,"name":"Startseite"}]},{"@type":"WebSite","@id":"https:\/\/www.capebretonoasis.com\/#website","url":"https:\/\/www.capebretonoasis.com\/","name":"Cape Breton Oasis Ltd.","description":"Services for Seniors","potentialAction":[{"@type":"SearchAction","target":{"@type":"EntryPoint","urlTemplate":"https:\/\/www.capebretonoasis.com\/?s={search_term_string}"},"query-input":{"@type":"PropertyValueSpecification","valueRequired":true,"valueName":"search_term_string"}}],"inLanguage":"de"}]}},"_links":{"self":[{"href":"https:\/\/www.capebretonoasis.com\/de\/wp-json\/wp\/v2\/pages\/11","targetHints":{"allow":["GET"]}}],"collection":[{"href":"https:\/\/www.capebretonoasis.com\/de\/wp-json\/wp\/v2\/pages"}],"about":[{"href":"https:\/\/www.capebretonoasis.com\/de\/wp-json\/wp\/v2\/types\/page"}],"author":[{"embeddable":true,"href":"https:\/\/www.capebretonoasis.com\/de\/wp-json\/wp\/v2\/users\/1"}],"replies":[{"embeddable":true,"href":"https:\/\/www.capebretonoasis.com\/de\/wp-json\/wp\/v2\/comments?post=11"}],"version-history":[{"count":0,"href":"https:\/\/www.capebretonoasis.com\/de\/wp-json\/wp\/v2\/pages\/11\/revisions"}],"wp:attachment":[{"href":"https:\/\/www.capebretonoasis.com\/de\/wp-json\/wp\/v2\/media?parent=11"}],"curies":[{"name":"wp","href":"https:\/\/api.w.org\/{rel}","templated":true}]}}